{"id":3148,"date":"2025-06-18T11:46:59","date_gmt":"2025-06-18T11:46:59","guid":{"rendered":"https:\/\/adsforchange.co\/\/?page_id=3148"},"modified":"2025-10-01T11:23:37","modified_gmt":"2025-10-01T11:23:37","slug":"politique-de-confidentialite","status":"publish","type":"page","link":"https:\/\/adsforchange.co\/en\/politique-de-confidentialite\/","title":{"rendered":"Privacy Policy"},"content":{"rendered":"<h2><b>Privacy Policy<\/b><\/h2>\n<p class=\"p3\">Last updated: June 11, 2025<\/p>\n<p class=\"p3\">The site <a href=\"https:\/\/adsforchange.co\/en\/\">https:\/\/adsforchange.co\/<\/a> is edited by <span class=\"s2\"><b>ADS FOR CHANGE AGENCY<\/b><\/span>, SAS registered at 9 rue de colonnes 75002 Paris<\/p>\n<h3><b>Data collected<\/b><\/h3>\n<p class=\"p3\">We collect:<\/p>\n<ul>\n<li>\n<p class=\"p1\">technical data (IP, browser, pages visited) for audience measurement purposes<\/p>\n<\/li>\n<li>\n<p class=\"p1\">data that you transmit to us (name, email, company) via the forms<\/p>\n<\/li>\n<\/ul>\n<h3><b>Purposes<\/b><\/h3>\n<p class=\"p3\">This data is used to:<\/p>\n<ul>\n<li>\n<p class=\"p1\">respond to your requests<\/p>\n<\/li>\n<li>\n<p class=\"p1\">improve our site<\/p>\n<\/li>\n<li>\n<p class=\"p1\">measure the audience<\/p>\n<\/li>\n<li>\n<p class=\"p1\">contact you for professional purposes<\/p>\n<\/li>\n<\/ul>\n<h3><b>Legal basis<\/b><\/h3>\n<p class=\"p3\">The treatments are based on the <span class=\"s2\"><b>consent<\/b><\/span> (forms, cookies) and our <span class=\"s2\"><b>legitimate interest<\/b><\/span> (traffic analysis).<\/p>\n<h3><b>Retention period<\/b><\/h3>\n<ul>\n<li>\n<p class=\"p1\">Forms: 3 years after last contact<\/p>\n<\/li>\n<li>\n<p class=\"p1\">Cookies: 13 months<\/p>\n<\/li>\n<\/ul>\n<h3><b>Recipients<\/b><\/h3>\n<p class=\"p3\">Data is processed by our team and GDPR-compliant technical subcontractors. No sale or transfer.<\/p>\n<h3><b>Your rights<\/b><\/h3>\n<p class=\"p3\">You can at any time request access, rectification, deletion or limitation of your data at <span class=\"s2\"><b>hello@adsforchange.co<\/b><\/span>.<\/p>\n<h3><b>Cookies<\/b><\/h3>\n<p class=\"p3\">Cookies may be placed for audience measurement purposes or to improve the user experience. You can refuse them via the consent banner.<\/p>","protected":false},"excerpt":{"rendered":"<p>Politique de confidentialit\u00e9 Derni\u00e8re mise \u00e0 jour : 11 juin 2025 Le site https:\/\/adsforchange.co\/ est \u00e9dit\u00e9 par ADS FOR CHANGE AGENCY, SAS immatricul\u00e9e au 9 rue de colonnes 75002 Paris Donn\u00e9es collect\u00e9es Nous collectons : des donn\u00e9es techniques (IP, navigateur, pages visit\u00e9es) \u00e0 des fins de mesure d\u2019audience des donn\u00e9es que vous nous transmettez (nom, [&hellip;]<\/p>\n","protected":false},"author":1,"featured_media":0,"parent":0,"menu_order":0,"comment_status":"closed","ping_status":"closed","template":"","meta":{"_acf_changed":false,"footnotes":""},"class_list":["post-3148","page","type-page","status-publish","hentry"],"acf":[],"yoast_head":"<!-- This site is optimized with the Yoast SEO plugin v27.4 - https:\/\/yoast.com\/product\/yoast-seo-wordpress\/ -->\n<title>Politique de confidentialit\u00e9 - Ads for change<\/title>\n<meta name=\"robots\" content=\"index, follow, max-snippet:-1, max-image-preview:large, max-video-preview:-1\" \/>\n<link rel=\"canonical\" href=\"https:\/\/adsforchange.co\/en\/politique-de-confidentialite\/\" \/>\n<meta property=\"og:locale\" content=\"en_US\" \/>\n<meta property=\"og:type\" content=\"article\" \/>\n<meta property=\"og:title\" content=\"Politique de confidentialit\u00e9 - Ads for change\" \/>\n<meta property=\"og:description\" content=\"Politique de confidentialit\u00e9 Derni\u00e8re mise \u00e0 jour : 11 juin 2025 Le site https:\/\/adsforchange.co\/ est \u00e9dit\u00e9 par ADS FOR CHANGE AGENCY, SAS immatricul\u00e9e au 9 rue de colonnes 75002 Paris Donn\u00e9es collect\u00e9es Nous collectons : des donn\u00e9es techniques (IP, navigateur, pages visit\u00e9es) \u00e0 des fins de mesure d\u2019audience des donn\u00e9es que vous nous transmettez (nom, [&hellip;]\" \/>\n<meta property=\"og:url\" content=\"https:\/\/adsforchange.co\/en\/politique-de-confidentialite\/\" \/>\n<meta property=\"og:site_name\" content=\"Ads for change\" \/>\n<meta property=\"article:modified_time\" content=\"2025-10-01T11:23:37+00:00\" \/>\n<meta name=\"twitter:card\" content=\"summary_large_image\" \/>\n<meta name=\"twitter:label1\" content=\"Est. reading time\" \/>\n\t<meta name=\"twitter:data1\" content=\"1 minute\" \/>\n<script type=\"application\/ld+json\" class=\"yoast-schema-graph\">{\"@context\":\"https:\\\/\\\/schema.org\",\"@graph\":[{\"@type\":\"WebPage\",\"@id\":\"https:\\\/\\\/adsforchange.co\\\/en\\\/politique-de-confidentialite\\\/\",\"url\":\"https:\\\/\\\/adsforchange.co\\\/en\\\/politique-de-confidentialite\\\/\",\"name\":\"Politique de confidentialit\u00e9 - Ads for change\",\"isPartOf\":{\"@id\":\"https:\\\/\\\/adsforchange.co\\\/en\\\/#website\"},\"datePublished\":\"2025-06-18T11:46:59+00:00\",\"dateModified\":\"2025-10-01T11:23:37+00:00\",\"breadcrumb\":{\"@id\":\"https:\\\/\\\/adsforchange.co\\\/en\\\/politique-de-confidentialite\\\/#breadcrumb\"},\"inLanguage\":\"en-US\",\"potentialAction\":[{\"@type\":\"ReadAction\",\"target\":[\"https:\\\/\\\/adsforchange.co\\\/en\\\/politique-de-confidentialite\\\/\"]}]},{\"@type\":\"BreadcrumbList\",\"@id\":\"https:\\\/\\\/adsforchange.co\\\/en\\\/politique-de-confidentialite\\\/#breadcrumb\",\"itemListElement\":[{\"@type\":\"ListItem\",\"position\":1,\"name\":\"Accueil\",\"item\":\"https:\\\/\\\/adsforchange.co\\\/en\\\/\"},{\"@type\":\"ListItem\",\"position\":2,\"name\":\"Politique de confidentialit\u00e9\"}]},{\"@type\":\"WebSite\",\"@id\":\"https:\\\/\\\/adsforchange.co\\\/en\\\/#website\",\"url\":\"https:\\\/\\\/adsforchange.co\\\/en\\\/\",\"name\":\"Ads for change\",\"description\":\"\",\"publisher\":{\"@id\":\"https:\\\/\\\/adsforchange.co\\\/en\\\/#organization\"},\"potentialAction\":[{\"@type\":\"SearchAction\",\"target\":{\"@type\":\"EntryPoint\",\"urlTemplate\":\"https:\\\/\\\/adsforchange.co\\\/en\\\/?s={search_term_string}\"},\"query-input\":{\"@type\":\"PropertyValueSpecification\",\"valueRequired\":true,\"valueName\":\"search_term_string\"}}],\"inLanguage\":\"en-US\"},{\"@type\":\"Organization\",\"@id\":\"https:\\\/\\\/adsforchange.co\\\/en\\\/#organization\",\"name\":\"Ads for change\",\"url\":\"https:\\\/\\\/adsforchange.co\\\/en\\\/\",\"logo\":{\"@type\":\"ImageObject\",\"inLanguage\":\"en-US\",\"@id\":\"https:\\\/\\\/adsforchange.co\\\/en\\\/#\\\/schema\\\/logo\\\/image\\\/\",\"url\":\"https:\\\/\\\/adsforchange.co\\\/wp-content\\\/uploads\\\/2025\\\/04\\\/logo-Ads-for-Change-vert-png-1-1.png\",\"contentUrl\":\"https:\\\/\\\/adsforchange.co\\\/wp-content\\\/uploads\\\/2025\\\/04\\\/logo-Ads-for-Change-vert-png-1-1.png\",\"width\":350,\"height\":68,\"caption\":\"Ads for change\"},\"image\":{\"@id\":\"https:\\\/\\\/adsforchange.co\\\/en\\\/#\\\/schema\\\/logo\\\/image\\\/\"},\"sameAs\":[\"https:\\\/\\\/www.linkedin.com\\\/company\\\/ads-for-change\\\/\"]}]}<\/script>\n<!-- \/ Yoast SEO plugin. -->","yoast_head_json":{"title":"Politique de confidentialit\u00e9 - Ads for change","robots":{"index":"index","follow":"follow","max-snippet":"max-snippet:-1","max-image-preview":"max-image-preview:large","max-video-preview":"max-video-preview:-1"},"canonical":"https:\/\/adsforchange.co\/en\/politique-de-confidentialite\/","og_locale":"en_US","og_type":"article","og_title":"Politique de confidentialit\u00e9 - Ads for change","og_description":"Politique de confidentialit\u00e9 Derni\u00e8re mise \u00e0 jour : 11 juin 2025 Le site https:\/\/adsforchange.co\/ est \u00e9dit\u00e9 par ADS FOR CHANGE AGENCY, SAS immatricul\u00e9e au 9 rue de colonnes 75002 Paris Donn\u00e9es collect\u00e9es Nous collectons : des donn\u00e9es techniques (IP, navigateur, pages visit\u00e9es) \u00e0 des fins de mesure d\u2019audience des donn\u00e9es que vous nous transmettez (nom, [&hellip;]","og_url":"https:\/\/adsforchange.co\/en\/politique-de-confidentialite\/","og_site_name":"Ads for change","article_modified_time":"2025-10-01T11:23:37+00:00","twitter_card":"summary_large_image","twitter_misc":{"Est. reading time":"1 minute"},"schema":{"@context":"https:\/\/schema.org","@graph":[{"@type":"WebPage","@id":"https:\/\/adsforchange.co\/en\/politique-de-confidentialite\/","url":"https:\/\/adsforchange.co\/en\/politique-de-confidentialite\/","name":"Politique de confidentialit\u00e9 - Ads for change","isPartOf":{"@id":"https:\/\/adsforchange.co\/en\/#website"},"datePublished":"2025-06-18T11:46:59+00:00","dateModified":"2025-10-01T11:23:37+00:00","breadcrumb":{"@id":"https:\/\/adsforchange.co\/en\/politique-de-confidentialite\/#breadcrumb"},"inLanguage":"en-US","potentialAction":[{"@type":"ReadAction","target":["https:\/\/adsforchange.co\/en\/politique-de-confidentialite\/"]}]},{"@type":"BreadcrumbList","@id":"https:\/\/adsforchange.co\/en\/politique-de-confidentialite\/#breadcrumb","itemListElement":[{"@type":"ListItem","position":1,"name":"Accueil","item":"https:\/\/adsforchange.co\/en\/"},{"@type":"ListItem","position":2,"name":"Politique de confidentialit\u00e9"}]},{"@type":"WebSite","@id":"https:\/\/adsforchange.co\/en\/#website","url":"https:\/\/adsforchange.co\/en\/","name":"Ads for change","description":"","publisher":{"@id":"https:\/\/adsforchange.co\/en\/#organization"},"potentialAction":[{"@type":"SearchAction","target":{"@type":"EntryPoint","urlTemplate":"https:\/\/adsforchange.co\/en\/?s={search_term_string}"},"query-input":{"@type":"PropertyValueSpecification","valueRequired":true,"valueName":"search_term_string"}}],"inLanguage":"en-US"},{"@type":"Organization","@id":"https:\/\/adsforchange.co\/en\/#organization","name":"Ads for change","url":"https:\/\/adsforchange.co\/en\/","logo":{"@type":"ImageObject","inLanguage":"en-US","@id":"https:\/\/adsforchange.co\/en\/#\/schema\/logo\/image\/","url":"https:\/\/adsforchange.co\/wp-content\/uploads\/2025\/04\/logo-Ads-for-Change-vert-png-1-1.png","contentUrl":"https:\/\/adsforchange.co\/wp-content\/uploads\/2025\/04\/logo-Ads-for-Change-vert-png-1-1.png","width":350,"height":68,"caption":"Ads for change"},"image":{"@id":"https:\/\/adsforchange.co\/en\/#\/schema\/logo\/image\/"},"sameAs":["https:\/\/www.linkedin.com\/company\/ads-for-change\/"]}]}},"rttpg_featured_image_url":null,"rttpg_author":{"display_name":"Equipe ADS for change","author_link":"https:\/\/adsforchange.co\/en\/author\/helloadsforchange-co\/"},"rttpg_comment":0,"rttpg_category":null,"rttpg_excerpt":"Politique de confidentialit\u00e9 Derni\u00e8re mise \u00e0 jour : 11 juin 2025 Le site https:\/\/adsforchange.co\/ est \u00e9dit\u00e9 par ADS FOR CHANGE AGENCY, SAS immatricul\u00e9e au 9 rue de colonnes 75002 Paris Donn\u00e9es collect\u00e9es Nous collectons : des donn\u00e9es techniques (IP, navigateur, pages visit\u00e9es) \u00e0 des fins de mesure d\u2019audience des donn\u00e9es que vous nous transmettez (nom,&hellip;","_links":{"self":[{"href":"https:\/\/adsforchange.co\/en\/wp-json\/wp\/v2\/pages\/3148","targetHints":{"allow":["GET"]}}],"collection":[{"href":"https:\/\/adsforchange.co\/en\/wp-json\/wp\/v2\/pages"}],"about":[{"href":"https:\/\/adsforchange.co\/en\/wp-json\/wp\/v2\/types\/page"}],"author":[{"embeddable":true,"href":"https:\/\/adsforchange.co\/en\/wp-json\/wp\/v2\/users\/1"}],"replies":[{"embeddable":true,"href":"https:\/\/adsforchange.co\/en\/wp-json\/wp\/v2\/comments?post=3148"}],"version-history":[{"count":3,"href":"https:\/\/adsforchange.co\/en\/wp-json\/wp\/v2\/pages\/3148\/revisions"}],"predecessor-version":[{"id":3152,"href":"https:\/\/adsforchange.co\/en\/wp-json\/wp\/v2\/pages\/3148\/revisions\/3152"}],"wp:attachment":[{"href":"https:\/\/adsforchange.co\/en\/wp-json\/wp\/v2\/media?parent=3148"}],"curies":[{"name":"wp","href":"https:\/\/api.w.org\/{rel}","templated":true}]}}